{"id":3,"date":"2020-09-28T16:19:12","date_gmt":"2020-09-28T14:19:12","guid":{"rendered":"http:\/\/www.belfiorese.it\/new\/?page_id=3"},"modified":"2020-11-29T22:47:32","modified_gmt":"2020-11-29T21:47:32","slug":"privacy-policy","status":"publish","type":"page","link":"https:\/\/www.belfiorese.it\/new\/index.php\/privacy-policy\/","title":{"rendered":"Privacy Policy"},"content":{"rendered":"\n<h3 class=\"wp-block-heading\">TITOLARE DEI DATI<\/h3>\n\n\n\n<p>Polisportiva Dilettantistica Belfiorese<br>Via G.Fanin, 10 &#8211; 37050 Belfiore (Verona)<br>P.I. 03608550236 &#8211; Matricola FIGC 71116<br>Tel. 045 7640273 &#8211; Fax 045 6138483<br>e-mail <a href=\"mailto:segreteria@belfiorese.it\">segreteria@belfiorese.it<\/a><\/p>\n\n\n\n<h3 class=\"wp-block-heading\">INFORMAZIONI SUL TRATTAMENTO DEI DATI PERSONALI<\/h3>\n\n\n\n<p>Ai sensi dell&#8217;art.13 del Regolamento (UE) GDPR, in questa pagina sono descritte le informazioni sul trattamento dei dati personali degli utenti che visitano le pagine del sito web, visibili a partire dall&#8217;indirizzo <a href=\"http:\/\/www.belfiorese.it\"><strong>www.belfiorese.it<\/strong>.<\/a><\/p>\n\n\n\n<p>Le presenti informazioni non riguardano altri siti, pagine o servizi online raggiungibili tramite link ipertestuali eventualmente pubblicati nei siti ma riferiti a risorse esterne al dominio di <strong>POLISPORTIVA DILETTANTISTICA BELFIORESE.<\/strong><\/p>\n\n\n\n<h3 class=\"wp-block-heading\">Dati personali<\/h3>\n\n\n\n<p>La <strong>POLISPORTIVA DILETTANTISTICA BELFIORESE<\/strong>, tramite il sito web, non raccoglie, o non tratta, di proposito dati personali dei visitatori.<\/p>\n\n\n\n<h3 class=\"wp-block-heading\">Contenuto incorporato da altri siti web<\/h3>\n\n\n\n<p>Gli articoli su questo sito possono includere contenuti incorporati (ad esempio video, immagini, articoli, ecc.). I contenuti incorporati da altri siti web si comportano esattamente allo stesso modo come se il visitatore avesse visitato l&#8217;altro sito web.<\/p>\n\n\n\n<p>Questi siti web possono raccogliere dati su di te, usare cookie, integrare ulteriori tracciamenti di terze parti e monitorare l&#8217;interazione con essi, incluso il tracciamento della tua interazione con il contenuto incorporato se hai un account e sei connesso a quei siti web.<\/p>\n\n\n\n<h3 class=\"wp-block-heading\">Cookies<\/h3>\n\n\n\n<p>Nessun dato personale degli utenti viene in proposito acquisito dal sito. Non viene fatto uso di cookies per la trasmissione di informazioni di carattere personale, n\u00e8 vengono utilizzati cookies persistenti di alcun tipo, ovvero sistemi per il tracciamento degli utenti.<\/p>\n\n\n\n<p>L\u2019uso di cookies di sessione (che non vengono memorizzati in modo persistente sul computer dell\u2019utente e svaniscono con la chiusura del browser) \u00e8 strettamente limitato alla trasmissione di identificativi di sessione (costituiti da numeri casuali generati dal server) necessari per consentire l\u2019esplorazione sicura ed efficiente del sito.<\/p>\n\n\n\n<h3 class=\"wp-block-heading\">Quali diritti hai sui tuoi dati<\/h3>\n\n\n\n<p>Se hai un account su questo sito, o hai lasciato commenti, puoi richiedere di ricevere un file esportato dal sito con i dati personali che abbiamo su di te, compresi i dati che ci hai fornito. Puoi anche richiedere che cancelliamo tutti i dati personali che ti riguardano. Questo non include i dati che siamo obbligati a conservare per scopi amministrativi, legali o di sicurezza.<\/p>\n\n\n\n<h3 class=\"wp-block-heading\">Informazioni aggiuntive<\/h3>\n\n\n\n<p>Sulle pagine del sito Web, visitabili a partire dall\u2019indirizzo <strong>www.belfiorese.it<\/strong>, sono pubblicate le foto delle squadre e delle attivit\u00e0 svolte dalla Societ\u00e0. Sono indicati inoltre i nominativi delle\/degli atlete\/i iscritte\/i alla <em>Polisportiva Dilettantistica Belfiorese<\/em> e i riferimenti anagrafici delle imprese \u2013 ditte \u2013 esercizi commerciali che costituiscono il gruppo degli sponsor. Tali dati sono stati acquisiti direttamente presso gli intestatari (atlete\/i e sponsor) nell\u2019ambito delle procedure di sponsorizzazione e di iscrizione all\u2019attivit\u00e0 sportiva organizzata dalla <em>Polisportiva Dilettantistica Belfiorese<\/em>, il quale costituisce il Titolare del trattamento dei dati personali, ai sensi della predetta legge.<\/p>\n\n\n\n<p>I soggetti cui si riferiscono i dati hanno il diritto in qualunque momento di ottenere la conferma dell\u2019esistenza o meno di dati personali e di conoscerne il contenuto e l\u2019origine, verificarne l\u2019esattezza o chiederne l\u2019integrazione, l\u2019aggiornamento, oppure la rettifica, rivolgendosi al Titolare del trattamento tramite e-mail all\u2019indirizzo <strong>belfiorese@belfiorese.it<\/strong><\/p>\n\n\n\n<p>Il materiale contenuto nel sito \u00e8 stato quasi totalmente prodotto in proprio. Altro materiale \u00e8 stato prelevato in rete ed \u00e8 apparentemente di pubblico dominio e quindi liberamente scaricabile ed utilizzabile nelle pagine Web.<\/p>\n\n\n\n<p>Qualora qualcuno si accorgesse che \u00e8 presente, a nostra insaputa, materiale coperto da diritti d\u2019autore \u00e8 invitato a segnalarlo tramite e-mail a <strong>belfiorese@belfiorese.it<\/strong> e si provveder\u00e0 immediatamente alla sua rimozione dal sito.<\/p>\n\n\n\n<h4 class=\"wp-block-heading\">DATA AGGIORNAMENTO<\/h4>\n\n\n\n<p>L&#8217;informativa privacy \u00e8 aggiornata a Dicembre 2020<\/p>\n","protected":false},"excerpt":{"rendered":"<p>TITOLARE DEI DATI Polisportiva Dilettantistica BelfioreseVia G.Fanin, 10 &#8211; 37050 Belfiore (Verona)P.I. 03608550236 &#8211; Matricola FIGC 71116Tel. 045 7640273 &#8211; Fax 045 6138483e-mail segreteria@belfiorese.it INFORMAZIONI SUL TRATTAMENTO DEI DATI PERSONALI Ai sensi dell&#8217;art.13 del Regolamento (UE) GDPR, in questa pagina sono descritte le informazioni sul trattamento dei dati personali degli [&hellip;]<\/p>\n","protected":false},"author":1,"featured_media":0,"parent":0,"menu_order":0,"comment_status":"closed","ping_status":"open","template":"","meta":{"footnotes":""},"yoast_head":"<!-- This site is optimized with the Yoast SEO plugin v21.4 - https:\/\/yoast.com\/wordpress\/plugins\/seo\/ -->\r\n<title>Privacy Policy - Polisportiva Dilettantistica Belfiorese<\/title>\r\n<meta name=\"robots\" content=\"index, follow, max-snippet:-1, max-image-preview:large, max-video-preview:-1\" \/>\r\n<link rel=\"canonical\" href=\"https:\/\/www.belfiorese.it\/new\/index.php\/privacy-policy\/\" \/>\r\n<meta property=\"og:locale\" content=\"it_IT\" \/>\r\n<meta property=\"og:type\" content=\"article\" \/>\r\n<meta property=\"og:title\" content=\"Privacy Policy - Polisportiva Dilettantistica Belfiorese\" \/>\r\n<meta property=\"og:description\" content=\"TITOLARE DEI DATI Polisportiva Dilettantistica BelfioreseVia G.Fanin, 10 &#8211; 37050 Belfiore (Verona)P.I. 03608550236 &#8211; Matricola FIGC 71116Tel. 045 7640273 &#8211; Fax 045 6138483e-mail segreteria@belfiorese.it INFORMAZIONI SUL TRATTAMENTO DEI DATI PERSONALI Ai sensi dell&#8217;art.13 del Regolamento (UE) GDPR, in questa pagina sono descritte le informazioni sul trattamento dei dati personali degli [&hellip;]\" \/>\r\n<meta property=\"og:url\" content=\"https:\/\/www.belfiorese.it\/new\/index.php\/privacy-policy\/\" \/>\r\n<meta property=\"og:site_name\" content=\"Polisportiva Dilettantistica Belfiorese\" \/>\r\n<meta property=\"article:publisher\" content=\"https:\/\/www.facebook.com\/Belfiorese-117024602283911\" \/>\r\n<meta property=\"article:modified_time\" content=\"2020-11-29T21:47:32+00:00\" \/>\r\n<meta name=\"twitter:card\" content=\"summary_large_image\" \/>\r\n<meta name=\"twitter:label1\" content=\"Tempo di lettura stimato\" \/>\n\t<meta name=\"twitter:data1\" content=\"3 minuti\" \/>\r\n<script type=\"application\/ld+json\" class=\"yoast-schema-graph\">{\"@context\":\"https:\/\/schema.org\",\"@graph\":[{\"@type\":\"WebPage\",\"@id\":\"https:\/\/www.belfiorese.it\/new\/index.php\/privacy-policy\/\",\"url\":\"https:\/\/www.belfiorese.it\/new\/index.php\/privacy-policy\/\",\"name\":\"Privacy Policy - Polisportiva Dilettantistica Belfiorese\",\"isPartOf\":{\"@id\":\"https:\/\/www.belfiorese.it\/new\/#website\"},\"datePublished\":\"2020-09-28T14:19:12+00:00\",\"dateModified\":\"2020-11-29T21:47:32+00:00\",\"breadcrumb\":{\"@id\":\"https:\/\/www.belfiorese.it\/new\/index.php\/privacy-policy\/#breadcrumb\"},\"inLanguage\":\"it-IT\",\"potentialAction\":[{\"@type\":\"ReadAction\",\"target\":[\"https:\/\/www.belfiorese.it\/new\/index.php\/privacy-policy\/\"]}]},{\"@type\":\"BreadcrumbList\",\"@id\":\"https:\/\/www.belfiorese.it\/new\/index.php\/privacy-policy\/#breadcrumb\",\"itemListElement\":[{\"@type\":\"ListItem\",\"position\":1,\"name\":\"Home\",\"item\":\"https:\/\/www.belfiorese.it\/new\/\"},{\"@type\":\"ListItem\",\"position\":2,\"name\":\"Privacy Policy\"}]},{\"@type\":\"WebSite\",\"@id\":\"https:\/\/www.belfiorese.it\/new\/#website\",\"url\":\"https:\/\/www.belfiorese.it\/new\/\",\"name\":\"Polisportiva Dilettantistica Belfiorese\",\"description\":\"Non chiederti MAI... cosa i tuoi compagni di squadra possono fare per te. Ma chiediti SEMPRE... cosa tu puoi fare per i tuoi compagni di squadra\",\"publisher\":{\"@id\":\"https:\/\/www.belfiorese.it\/new\/#organization\"},\"potentialAction\":[{\"@type\":\"SearchAction\",\"target\":{\"@type\":\"EntryPoint\",\"urlTemplate\":\"https:\/\/www.belfiorese.it\/new\/?s={search_term_string}\"},\"query-input\":\"required name=search_term_string\"}],\"inLanguage\":\"it-IT\"},{\"@type\":\"Organization\",\"@id\":\"https:\/\/www.belfiorese.it\/new\/#organization\",\"name\":\"Polisportiva Dilettantistica Belfiorese\",\"url\":\"https:\/\/www.belfiorese.it\/new\/\",\"logo\":{\"@type\":\"ImageObject\",\"inLanguage\":\"it-IT\",\"@id\":\"https:\/\/www.belfiorese.it\/new\/#\/schema\/logo\/image\/\",\"url\":\"https:\/\/www.belfiorese.it\/new\/wp-content\/uploads\/2020\/09\/logo.png\",\"contentUrl\":\"https:\/\/www.belfiorese.it\/new\/wp-content\/uploads\/2020\/09\/logo.png\",\"width\":1350,\"height\":1500,\"caption\":\"Polisportiva Dilettantistica Belfiorese\"},\"image\":{\"@id\":\"https:\/\/www.belfiorese.it\/new\/#\/schema\/logo\/image\/\"},\"sameAs\":[\"https:\/\/www.facebook.com\/Belfiorese-117024602283911\"]}]}<\/script>\r\n<!-- \/ Yoast SEO plugin. -->","yoast_head_json":{"title":"Privacy Policy - Polisportiva Dilettantistica Belfiorese","robots":{"index":"index","follow":"follow","max-snippet":"max-snippet:-1","max-image-preview":"max-image-preview:large","max-video-preview":"max-video-preview:-1"},"canonical":"https:\/\/www.belfiorese.it\/new\/index.php\/privacy-policy\/","og_locale":"it_IT","og_type":"article","og_title":"Privacy Policy - Polisportiva Dilettantistica Belfiorese","og_description":"TITOLARE DEI DATI Polisportiva Dilettantistica BelfioreseVia G.Fanin, 10 &#8211; 37050 Belfiore (Verona)P.I. 03608550236 &#8211; Matricola FIGC 71116Tel. 045 7640273 &#8211; Fax 045 6138483e-mail segreteria@belfiorese.it INFORMAZIONI SUL TRATTAMENTO DEI DATI PERSONALI Ai sensi dell&#8217;art.13 del Regolamento (UE) GDPR, in questa pagina sono descritte le informazioni sul trattamento dei dati personali degli [&hellip;]","og_url":"https:\/\/www.belfiorese.it\/new\/index.php\/privacy-policy\/","og_site_name":"Polisportiva Dilettantistica Belfiorese","article_publisher":"https:\/\/www.facebook.com\/Belfiorese-117024602283911","article_modified_time":"2020-11-29T21:47:32+00:00","twitter_card":"summary_large_image","twitter_misc":{"Tempo di lettura stimato":"3 minuti"},"schema":{"@context":"https:\/\/schema.org","@graph":[{"@type":"WebPage","@id":"https:\/\/www.belfiorese.it\/new\/index.php\/privacy-policy\/","url":"https:\/\/www.belfiorese.it\/new\/index.php\/privacy-policy\/","name":"Privacy Policy - Polisportiva Dilettantistica Belfiorese","isPartOf":{"@id":"https:\/\/www.belfiorese.it\/new\/#website"},"datePublished":"2020-09-28T14:19:12+00:00","dateModified":"2020-11-29T21:47:32+00:00","breadcrumb":{"@id":"https:\/\/www.belfiorese.it\/new\/index.php\/privacy-policy\/#breadcrumb"},"inLanguage":"it-IT","potentialAction":[{"@type":"ReadAction","target":["https:\/\/www.belfiorese.it\/new\/index.php\/privacy-policy\/"]}]},{"@type":"BreadcrumbList","@id":"https:\/\/www.belfiorese.it\/new\/index.php\/privacy-policy\/#breadcrumb","itemListElement":[{"@type":"ListItem","position":1,"name":"Home","item":"https:\/\/www.belfiorese.it\/new\/"},{"@type":"ListItem","position":2,"name":"Privacy Policy"}]},{"@type":"WebSite","@id":"https:\/\/www.belfiorese.it\/new\/#website","url":"https:\/\/www.belfiorese.it\/new\/","name":"Polisportiva Dilettantistica Belfiorese","description":"Non chiederti MAI... cosa i tuoi compagni di squadra possono fare per te. Ma chiediti SEMPRE... cosa tu puoi fare per i tuoi compagni di squadra","publisher":{"@id":"https:\/\/www.belfiorese.it\/new\/#organization"},"potentialAction":[{"@type":"SearchAction","target":{"@type":"EntryPoint","urlTemplate":"https:\/\/www.belfiorese.it\/new\/?s={search_term_string}"},"query-input":"required name=search_term_string"}],"inLanguage":"it-IT"},{"@type":"Organization","@id":"https:\/\/www.belfiorese.it\/new\/#organization","name":"Polisportiva Dilettantistica Belfiorese","url":"https:\/\/www.belfiorese.it\/new\/","logo":{"@type":"ImageObject","inLanguage":"it-IT","@id":"https:\/\/www.belfiorese.it\/new\/#\/schema\/logo\/image\/","url":"https:\/\/www.belfiorese.it\/new\/wp-content\/uploads\/2020\/09\/logo.png","contentUrl":"https:\/\/www.belfiorese.it\/new\/wp-content\/uploads\/2020\/09\/logo.png","width":1350,"height":1500,"caption":"Polisportiva Dilettantistica Belfiorese"},"image":{"@id":"https:\/\/www.belfiorese.it\/new\/#\/schema\/logo\/image\/"},"sameAs":["https:\/\/www.facebook.com\/Belfiorese-117024602283911"]}]}},"_links":{"self":[{"href":"https:\/\/www.belfiorese.it\/new\/index.php\/wp-json\/wp\/v2\/pages\/3"}],"collection":[{"href":"https:\/\/www.belfiorese.it\/new\/index.php\/wp-json\/wp\/v2\/pages"}],"about":[{"href":"https:\/\/www.belfiorese.it\/new\/index.php\/wp-json\/wp\/v2\/types\/page"}],"author":[{"embeddable":true,"href":"https:\/\/www.belfiorese.it\/new\/index.php\/wp-json\/wp\/v2\/users\/1"}],"replies":[{"embeddable":true,"href":"https:\/\/www.belfiorese.it\/new\/index.php\/wp-json\/wp\/v2\/comments?post=3"}],"version-history":[{"count":12,"href":"https:\/\/www.belfiorese.it\/new\/index.php\/wp-json\/wp\/v2\/pages\/3\/revisions"}],"predecessor-version":[{"id":3707,"href":"https:\/\/www.belfiorese.it\/new\/index.php\/wp-json\/wp\/v2\/pages\/3\/revisions\/3707"}],"wp:attachment":[{"href":"https:\/\/www.belfiorese.it\/new\/index.php\/wp-json\/wp\/v2\/media?parent=3"}],"curies":[{"name":"wp","href":"https:\/\/api.w.org\/{rel}","templated":true}]}}